{"id":718,"date":"2025-12-04T21:21:01","date_gmt":"2025-12-04T19:21:01","guid":{"rendered":"https:\/\/bautotalconfort.ro\/?page_id=718"},"modified":"2025-12-25T16:28:32","modified_gmt":"2025-12-25T14:28:32","slug":"prelucrarea-datelor-cu-caracter-personal","status":"publish","type":"page","link":"https:\/\/bautotalconfort.ro\/de\/prelucrarea-datelor-cu-caracter-personal\/","title":{"rendered":"Datenschutzerkl\u00e4rung"},"content":{"rendered":"<div data-elementor-type=\"wp-page\" data-elementor-id=\"718\" class=\"elementor elementor-718\">\n\t\t\t\t<div class=\"elementor-element elementor-element-56721283 e-flex e-con-boxed e-con e-parent\" data-id=\"56721283\" data-element_type=\"container\" data-e-type=\"container\">\n\t\t\t\t\t<div class=\"e-con-inner\">\n\t\t<div class=\"elementor-element elementor-element-79bc0a9f e-con-full e-flex e-con e-child\" data-id=\"79bc0a9f\" data-element_type=\"container\" data-e-type=\"container\">\n\t\t\t\t<div class=\"elementor-element elementor-element-514595ad elementor-widget elementor-widget-heading\" data-id=\"514595ad\" data-element_type=\"widget\" data-e-type=\"widget\" data-widget_type=\"heading.default\">\n\t\t\t\t\t<h3 class=\"elementor-heading-title elementor-size-default\">Datenschutzerkl\u00e4rung \n<\/h3>\t\t\t\t<\/div>\n\t\t\t\t<\/div>\n\t\t\t\t\t<\/div>\n\t\t\t\t<\/div>\n\t\t<div class=\"elementor-element elementor-element-31cfdc78 e-flex e-con-boxed e-con e-parent\" data-id=\"31cfdc78\" data-element_type=\"container\" data-e-type=\"container\">\n\t\t\t\t\t<div class=\"e-con-inner\">\n\t\t<div class=\"elementor-element elementor-element-30a7677a e-con-full e-flex e-con e-child\" data-id=\"30a7677a\" data-element_type=\"container\" data-e-type=\"container\">\n\t\t\t\t<div class=\"elementor-element elementor-element-6751ed45 elementor-widget elementor-widget-heading\" data-id=\"6751ed45\" data-element_type=\"widget\" data-e-type=\"widget\" data-widget_type=\"heading.default\">\n\t\t\t\t\t<p class=\"elementor-heading-title elementor-size-default\"><ol data-start=\"461\" data-end=\"938\"><li data-start=\"461\" data-end=\"830\"><p data-start=\"464\" data-end=\"830\"><strong data-start=\"464\" data-end=\"499\">Verantwortlicher und Kontaktdaten<\/strong><br data-start=\"499\" data-end=\"502\">\n<b>S.C.<\/b> <strong data-start=\"507\" data-end=\"535\">BAU TOTAL CONFORT S.R.L.<\/strong>, mit Sitz in Deia, Gemeinde Frumosu, Hauptstra\u00dfe Nr. 854 A, Kreis Suceava, Tel.: 0735 101 038, eingetragen beim Handelsregister unter der Nr. <strong data-start=\"663\" data-end=\"679\">J33\/646\/2021<\/strong>, Steuernummer: <strong data-start=\"693\" data-end=\"702\">44015259<\/strong>, ist der Verantwortliche f\u00fcr die Verarbeitung Ihrer personenbezogenen Daten, die \u00fcber das Kontaktformular auf unserer Website erhoben werden.<\/p>\n<\/li>\n<li data-start=\"832\" data-end=\"938\">\n<p data-start=\"835\" data-end=\"938\"><strong data-start=\"835\" data-end=\"865\">Erhobene personenbezogene Daten<\/strong><br data-start=\"865\" data-end=\"868\">\nDurch das Ausf\u00fcllen des Kontaktformulars erheben wir folgende Daten:<\/p>\n<\/li>\n<\/ol>\n<ul data-start=\"939\" data-end=\"1034\">\n<li data-start=\"939\" data-end=\"958\">\n<p data-start=\"941\" data-end=\"958\">Name und Vorname<\/p>\n<\/li>\n<li data-start=\"959\" data-end=\"979\">\n<p data-start=\"961\" data-end=\"979\">Telefonnummer<\/p>\n<\/li>\n<li data-start=\"980\" data-end=\"999\">\n<p data-start=\"982\" data-end=\"999\">E-Mail-Adresse<\/p>\n<\/li>\n<li data-start=\"1000\" data-end=\"1034\">\n<p data-start=\"1002\" data-end=\"1034\">\u00dcber das Formular gesendete Nachricht<\/p>\n<\/li>\n<\/ul>\n<ol start=\"3\" data-start=\"1036\" data-end=\"1113\">\n<li data-start=\"1036\" data-end=\"1113\">\n<p data-start=\"1039\" data-end=\"1113\"><strong data-start=\"1039\" data-end=\"1061\">Zweck der Verarbeitung<\/strong><br data-start=\"1061\" data-end=\"1064\">\nDie erhobenen Daten werden ausschlie\u00dflich verwendet f\u00fcr:<\/p>\n<\/li>\n<\/ol>\n<ul data-start=\"1114\" data-end=\"1282\">\n<li data-start=\"1114\" data-end=\"1173\">\n<p data-start=\"1116\" data-end=\"1173\">Kontaktaufnahme mit Ihnen im Zusammenhang mit den \u00fcbermittelten Anfragen;<\/p>\n<\/li>\n<li data-start=\"1174\" data-end=\"1244\">\n<p data-start=\"1176\" data-end=\"1244\">Bereitstellung von Informationen und Dienstleistungen im Zusammenhang mit der T\u00e4tigkeit des Unternehmens;<\/p>\n<\/li>\n<li data-start=\"1245\" data-end=\"1282\">\n<p data-start=\"1247\" data-end=\"1282\">Bearbeitung von Kundenanfragen.<\/p>\n<\/li>\n<\/ul>\n<ol start=\"4\" data-start=\"1284\" data-end=\"1819\">\n<li data-start=\"1284\" data-end=\"1501\">\n<p data-start=\"1287\" data-end=\"1501\"><strong data-start=\"1287\" data-end=\"1319\">Rechtsgrundlage der Verarbeitung<\/strong><br data-start=\"1319\" data-end=\"1322\">\nDie Verarbeitung der Daten erfolgt gem\u00e4\u00df <strong data-start=\"1364\" data-end=\"1402\">der Verordnung (EU) Nr. 679\/2016 (DSGVO)<\/strong>, auf Grundlage Ihrer Einwilligung, die durch das Ausf\u00fcllen und Absenden des Kontaktformulars erteilt wurde.<\/p>\n<\/li>\n<li data-start=\"1503\" data-end=\"1736\">\n<p data-start=\"1506\" data-end=\"1736\"><strong data-start=\"1506\" data-end=\"1533\">Dauer der Datenspeicherung<\/strong><br data-start=\"1533\" data-end=\"1536\">\nDie Daten werden f\u00fcr einen Zeitraum gespeichert, der strikt zur Erf\u00fcllung der oben genannten Zwecke erforderlich ist, und zwar <strong data-start=\"1638\" data-end=\"1653\">maximal 3 Jahre<\/strong>, danach werden sie automatisch gel\u00f6scht oder gem\u00e4\u00df den gesetzlichen Bestimmungen sicher archiviert.<\/p>\n<\/li>\n<li data-start=\"1738\" data-end=\"1819\">\n<p data-start=\"1741\" data-end=\"1819\"><strong data-start=\"1741\" data-end=\"1772\">Rechte der betroffenen Person<\/strong><br data-start=\"1772\" data-end=\"1775\">\nDie betroffenen Personen haben folgende Rechte:<\/p>\n<\/li>\n<\/ol>\n<ul data-start=\"1820\" data-end=\"2123\">\n<li data-start=\"1820\" data-end=\"1861\">\n<p data-start=\"1822\" data-end=\"1861\">Recht auf Zugang zu den personenbezogenen Daten;<\/p>\n<\/li>\n<li data-start=\"1862\" data-end=\"1898\">\n<p data-start=\"1864\" data-end=\"1898\">Recht auf Berichtigung der Daten;<\/p>\n<\/li>\n<li data-start=\"1899\" data-end=\"1958\">\n<p data-start=\"1901\" data-end=\"1958\">Recht auf L\u00f6schung der Daten (\u201eRecht auf Vergessenwerden\u201c);<\/p>\n<\/li>\n<li data-start=\"1959\" data-end=\"2002\">\n<p data-start=\"1961\" data-end=\"2002\">Recht auf Einschr\u00e4nkung der Verarbeitung;<\/p>\n<\/li>\n<li data-start=\"2003\" data-end=\"2041\">\n<p data-start=\"2005\" data-end=\"2041\">Recht auf Daten\u00fcbertragbarkeit;<\/p>\n<\/li>\n<li data-start=\"2042\" data-end=\"2066\">\n<p data-start=\"2044\" data-end=\"2066\">Widerspruchsrecht;<\/p>\n<\/li>\n<li data-start=\"2067\" data-end=\"2123\">\n<p data-start=\"2069\" data-end=\"2123\">Recht, nicht einer ausschlie\u00dflich automatisierten Entscheidung unterworfen zu werden.<\/p>\n<\/li>\n<\/ul>\n<p data-start=\"2125\" data-end=\"2276\">Die Aus\u00fcbung der Rechte kann durch einen schriftlichen Antrag oder per E-Mail erfolgen an: <strong data-start=\"2196\" data-end=\"2226\">btotalconfort@gmail.com<\/strong>. Die Rechte sind einmal pro Jahr kostenlos.<\/p>\n<ol start=\"7\" data-start=\"2278\" data-end=\"2619\">\n<li data-start=\"2278\" data-end=\"2471\"><p data-start=\"2281\" data-end=\"2471\"><strong data-start=\"2281\" data-end=\"2304\">Datensicherheit<\/strong><br data-start=\"2304\" data-end=\"2307\">\n<b>S.C.<\/b> <strong data-start=\"2312\" data-end=\"2340\">BAU TOTAL CONFORT S.R.L.<\/strong> ergreift technische und organisatorische Ma\u00dfnahmen, um die personenbezogenen Daten vor unbefugtem Zugriff, Verlust oder Offenlegung zu sch\u00fctzen.<\/p>\n<\/li>\n<li data-start=\"2473\" data-end=\"2619\"><p data-start=\"2476\" data-end=\"2619\"><strong data-start=\"2476\" data-end=\"2488\">Beschwerden<\/strong><br data-start=\"2488\" data-end=\"2491\">\nDie betroffene Person kann eine Beschwerde einreichen bei <strong data-start=\"2532\" data-end=\"2616\">der Nationalen Aufsichtsbeh\u00f6rde f\u00fcr die Verarbeitung personenbezogener Daten<\/strong>:<\/p>\n<\/li>\n<\/ol>\n<ul data-start=\"2620\" data-end=\"2745\">\n<li data-start=\"2620\" data-end=\"2704\">\n<p data-start=\"2622\" data-end=\"2704\">Adresse: B-dul G-ral Gheorghe Magheru Nr. 28\u201330, Sektor 1, Bukarest, Postleitzahl 010336<\/p>\n<\/li>\n<li data-start=\"2705\" data-end=\"2745\">\n<p data-start=\"2707\" data-end=\"2745\">E-Mail: <strong data-start=\"2714\" data-end=\"2743\"><a data-start=\"2716\" data-end=\"2741\" rel=\"noopener\">anspdcp@dataprotection.ro<span aria-hidden=\"true\"><\/span><\/a><\/strong><\/p>\n<\/li>\n<\/ul>\n\n<\/p>\t\t\t\t<\/div>\n\t\t\t\t<\/div>\n\t\t\t\t\t<\/div>\n\t\t\t\t<\/div>\n\t\t\t\t<\/div>","protected":false},"excerpt":{"rendered":"<p>POLITICA DE PRELUCRARE A DATELOR CU CARACTER PERSONAL Operatorul \u0219i datele de contact S.C. BAU TOTAL CONFORT S.R.L., cu sediul [&hellip;]<\/p>\n","protected":false},"author":1,"featured_media":0,"parent":0,"menu_order":0,"comment_status":"closed","ping_status":"closed","template":"","meta":{"_editorskit_title_hidden":false,"_editorskit_reading_time":0,"_editorskit_is_block_options_detached":false,"_editorskit_block_options_position":"{}","_uag_custom_page_level_css":"","site-sidebar-layout":"default","site-content-layout":"","ast-site-content-layout":"default","site-content-style":"default","site-sidebar-style":"default","ast-global-header-display":"","ast-banner-title-visibility":"","ast-main-header-display":"","ast-hfb-above-header-display":"","ast-hfb-below-header-display":"","ast-hfb-mobile-header-display":"","site-post-title":"disabled","ast-breadcrumbs-content":"","ast-featured-img":"disabled","footer-sml-layout":"","ast-disable-related-posts":"","theme-transparent-header-meta":"enabled","adv-header-id-meta":"","stick-header-meta":"","header-above-stick-meta":"","header-main-stick-meta":"","header-below-stick-meta":"","astra-migrate-meta-layouts":"default","ast-page-background-enabled":"default","ast-page-background-meta":{"desktop":{"background-color":"var(--ast-global-color-5)","background-image":"","background-repeat":"repeat","background-position":"center center","background-size":"auto","background-attachment":"scroll","background-type":"","background-media":"","overlay-type":"","overlay-color":"","overlay-opacity":"","overlay-gradient":""},"tablet":{"background-color":"","background-image":"","background-repeat":"repeat","background-position":"center center","background-size":"auto","background-attachment":"scroll","background-type":"","background-media":"","overlay-type":"","overlay-color":"","overlay-opacity":"","overlay-gradient":""},"mobile":{"background-color":"","background-image":"","background-repeat":"repeat","background-position":"center center","background-size":"auto","background-attachment":"scroll","background-type":"","background-media":"","overlay-type":"","overlay-color":"","overlay-opacity":"","overlay-gradient":""}},"ast-content-background-meta":{"desktop":{"background-color":"var(--ast-global-color-4)","background-image":"","background-repeat":"repeat","background-position":"center center","background-size":"auto","background-attachment":"scroll","background-type":"","background-media":"","overlay-type":"","overlay-color":"","overlay-opacity":"","overlay-gradient":""},"tablet":{"background-color":"var(--ast-global-color-4)","background-image":"","background-repeat":"repeat","background-position":"center center","background-size":"auto","background-attachment":"scroll","background-type":"","background-media":"","overlay-type":"","overlay-color":"","overlay-opacity":"","overlay-gradient":""},"mobile":{"background-color":"var(--ast-global-color-4)","background-image":"","background-repeat":"repeat","background-position":"center center","background-size":"auto","background-attachment":"scroll","background-type":"","background-media":"","overlay-type":"","overlay-color":"","overlay-opacity":"","overlay-gradient":""}},"footnotes":""},"class_list":["post-718","page","type-page","status-publish","hentry"],"uagb_featured_image_src":{"full":false,"thumbnail":false,"medium":false,"medium_large":false,"large":false,"1536x1536":false,"2048x2048":false,"trp-custom-language-flag":false},"uagb_author_info":{"display_name":"Tibi Tebrean","author_link":"https:\/\/bautotalconfort.ro\/de\/author\/tibi-tebrean\/"},"uagb_comment_info":0,"uagb_excerpt":"POLITICA DE PRELUCRARE A DATELOR CU CARACTER PERSONAL Operatorul \u0219i datele de contact S.C. BAU TOTAL CONFORT S.R.L., cu sediul [&hellip;]","_links":{"self":[{"href":"https:\/\/bautotalconfort.ro\/de\/wp-json\/wp\/v2\/pages\/718","targetHints":{"allow":["GET"]}}],"collection":[{"href":"https:\/\/bautotalconfort.ro\/de\/wp-json\/wp\/v2\/pages"}],"about":[{"href":"https:\/\/bautotalconfort.ro\/de\/wp-json\/wp\/v2\/types\/page"}],"author":[{"embeddable":true,"href":"https:\/\/bautotalconfort.ro\/de\/wp-json\/wp\/v2\/users\/1"}],"replies":[{"embeddable":true,"href":"https:\/\/bautotalconfort.ro\/de\/wp-json\/wp\/v2\/comments?post=718"}],"version-history":[{"count":8,"href":"https:\/\/bautotalconfort.ro\/de\/wp-json\/wp\/v2\/pages\/718\/revisions"}],"predecessor-version":[{"id":765,"href":"https:\/\/bautotalconfort.ro\/de\/wp-json\/wp\/v2\/pages\/718\/revisions\/765"}],"wp:attachment":[{"href":"https:\/\/bautotalconfort.ro\/de\/wp-json\/wp\/v2\/media?parent=718"}],"curies":[{"name":"wp","href":"https:\/\/api.w.org\/{rel}","templated":true}]}}