{"id":716,"date":"2025-12-04T21:21:01","date_gmt":"2025-12-04T19:21:01","guid":{"rendered":"https:\/\/bautotalconfort.ro\/?page_id=716"},"modified":"2025-12-06T17:02:25","modified_gmt":"2025-12-06T15:02:25","slug":"politica-de-cookie-uri","status":"publish","type":"page","link":"https:\/\/bautotalconfort.ro\/de\/politica-de-cookie-uri\/","title":{"rendered":"\u201eCookie-Richtlinie\u201c verf\u00fcgbar."},"content":{"rendered":"<div data-elementor-type=\"wp-page\" data-elementor-id=\"716\" class=\"elementor elementor-716\">\n\t\t\t\t<div class=\"elementor-element elementor-element-6ddb4bc e-flex e-con-boxed e-con e-parent\" data-id=\"6ddb4bc\" data-element_type=\"container\" data-e-type=\"container\">\n\t\t\t\t\t<div class=\"e-con-inner\">\n\t\t<div class=\"elementor-element elementor-element-40d539b e-con-full e-flex e-con e-child\" data-id=\"40d539b\" data-element_type=\"container\" data-e-type=\"container\">\n\t\t\t\t<div class=\"elementor-element elementor-element-9187370 elementor-widget elementor-widget-heading\" data-id=\"9187370\" data-element_type=\"widget\" data-e-type=\"widget\" data-widget_type=\"heading.default\">\n\t\t\t\t\t<h3 class=\"elementor-heading-title elementor-size-default\">Cookie-Richtlinie<\/h3>\t\t\t\t<\/div>\n\t\t\t\t<\/div>\n\t\t\t\t\t<\/div>\n\t\t\t\t<\/div>\n\t\t<div class=\"elementor-element elementor-element-c0f8ed1 e-flex e-con-boxed e-con e-parent\" data-id=\"c0f8ed1\" data-element_type=\"container\" data-e-type=\"container\">\n\t\t\t\t\t<div class=\"e-con-inner\">\n\t\t<div class=\"elementor-element elementor-element-78941cd e-con-full e-flex e-con e-child\" data-id=\"78941cd\" data-element_type=\"container\" data-e-type=\"container\">\n\t\t\t\t<div class=\"elementor-element elementor-element-0bd4381 elementor-widget elementor-widget-heading\" data-id=\"0bd4381\" data-element_type=\"widget\" data-e-type=\"widget\" data-widget_type=\"heading.default\">\n\t\t\t\t\t<p class=\"elementor-heading-title elementor-size-default\"><p data-start=\"291\" data-end=\"416\">Diese Richtlinie bezieht sich auf Cookies, Webseiten und mobile Anwendungen, die betrieben werden von <strong data-start=\"381\" data-end=\"414\">S.C. BAU TOTAL CONFORT S.R.L.<\/strong><\/p>\n<p data-start=\"418\" data-end=\"903\"><strong data-start=\"418\" data-end=\"443\">Was sind Cookies?<\/strong><br data-start=\"443\" data-end=\"446\">\nEin Cookie ist eine kleine Datei, bestehend aus Buchstaben und Zahlen, die auf dem Computer, dem mobilen Endger\u00e4t oder anderen Ger\u00e4ten eines Nutzers gespeichert wird, von denen aus auf das Internet zugegriffen wird. Das Cookie wird durch eine Anfrage eines Webservers an einen Browser (z. B. Chrome, Safari, Firefox) installiert und ist vollst\u00e4ndig \u201epassiv\u201c (es enth\u00e4lt keine Softwareprogramme, Viren oder Spyware und kann nicht auf die Informationen auf der Festplatte des Nutzers zugreifen).<\/p>\n<p data-start=\"905\" data-end=\"1401\"><strong data-start=\"905\" data-end=\"939\">Die Rolle von Cookies<\/strong><br data-start=\"939\" data-end=\"942\">\nCookies erm\u00f6glichen die Wiedererkennung des Endger\u00e4ts des Nutzers und die entsprechende Anzeige der Website, angepasst an die individuellen Pr\u00e4ferenzen des Nutzers. Cookies haben die Aufgabe, Ihnen ein angenehmes und sicheres Surferlebnis zu gew\u00e4hrleisten und Ihnen umfassende Dienstleistungen anzubieten, basierend auf Ihrem Online-Verhalten auf Websites. Konkret werden auf Grundlage von Cookies: <strong data-start=\"1342\" data-end=\"1375\">S.C. BAU TOTAL CONFORT S.R.L.<\/strong> besteht die M\u00f6glichkeit:<\/p>\n<ul data-start=\"1403\" data-end=\"1758\">\n<li data-start=\"1403\" data-end=\"1503\">\n<p data-start=\"1405\" data-end=\"1503\">Anpassung der Darstellung und Anzeige der Website an Ihre Pr\u00e4ferenzen (Sprache, Aufl\u00f6sung usw.)<\/p>\n<\/li>\n<li data-start=\"1504\" data-end=\"1720\">\n<p data-start=\"1506\" data-end=\"1720\">Anonyme Statistiken zu erstellen, die keine pers\u00f6nliche Identifizierung erm\u00f6glichen, basierend auf Ihrem Verhalten auf der Website und Ihrem Interesse an den besuchten Seiten, um die Struktur und den Inhalt der Website zu verbessern.<\/p>\n<\/li>\n<li data-start=\"1721\" data-end=\"1758\">\n<p data-start=\"1723\" data-end=\"1758\">Gew\u00e4hrleistung von Websicherheitsma\u00dfnahmen.<\/p>\n<\/li>\n<\/ul>\n<p data-start=\"1760\" data-end=\"1876\"><strong data-start=\"1760\" data-end=\"1786\">Welche Cookies verwenden wir?<\/strong><br data-start=\"1786\" data-end=\"1789\">\nDie Website <strong data-start=\"1797\" data-end=\"1830\">S.C. BAU TOTAL CONFORT S.R.L.<\/strong> verwendet die folgenden Arten von Cookies:<\/p>\n<ul data-start=\"1878\" data-end=\"2195\">\n<li data-start=\"1878\" data-end=\"2021\">\n<p data-start=\"1880\" data-end=\"2021\"><strong data-start=\"1880\" data-end=\"1906\">Sitzungs-Cookies:<\/strong> tempor\u00e4r, werden beim Schlie\u00dfen des Browsers automatisch gel\u00f6scht. Beispiel: Cookie f\u00fcr die Funktionsweise des Kontaktformulars.<\/p>\n<\/li>\n<li data-start=\"2022\" data-end=\"2195\">\n<p data-start=\"2024\" data-end=\"2195\"><strong data-start=\"2024\" data-end=\"2051\">Persistente Cookies:<\/strong> bleiben je nach ihren Parametern oder bis zur manuellen L\u00f6schung durch den Nutzer f\u00fcr einen l\u00e4ngeren Zeitraum auf dem Ger\u00e4t gespeichert.<\/p>\n<\/li>\n<\/ul>\n<p data-start=\"2197\" data-end=\"2232\"><strong data-start=\"2197\" data-end=\"2230\">Die verwendeten Cookies umfassen:<\/strong><\/p>\n<ul data-start=\"2233\" data-end=\"2503\">\n<li data-start=\"2233\" data-end=\"2337\">\n<p data-start=\"2235\" data-end=\"2337\"><strong data-start=\"2235\" data-end=\"2251\">agreecookies<\/strong> \u2013 wird gespeichert, nachdem Sie auf die Schaltfl\u00e4che \u201eIch stimme zu\u201c bez\u00fcglich der Cookie-Richtlinie geklickt haben;<\/p>\n<\/li>\n<li data-start=\"2338\" data-end=\"2422\">\n<p data-start=\"2340\" data-end=\"2422\"><strong data-start=\"2340\" data-end=\"2355\">dzt_session<\/strong> \u2013 Sitzungs-Cookie f\u00fcr die Funktionsweise des Kontaktformulars;<\/p>\n<\/li>\n<li data-start=\"2423\" data-end=\"2503\">\n<p data-start=\"2425\" data-end=\"2503\">Weitere technische Cookies, die f\u00fcr die Sicherheit und die Leistung der Website erforderlich sind.<\/p>\n<\/li>\n<\/ul>\n<p data-start=\"2505\" data-end=\"2660\"><strong data-start=\"2505\" data-end=\"2569\">Wie werden Cookies auf der Website BAU TOTAL CONFORT verwendet?<\/strong><br data-start=\"2569\" data-end=\"2572\">\nIhr Besuch auf unserer Website kann Cookies installieren, damit wir Folgendes analysieren k\u00f6nnen:<\/p>\n<ul data-start=\"2661\" data-end=\"2794\">\n<li data-start=\"2661\" data-end=\"2687\">\n<p data-start=\"2663\" data-end=\"2687\">die Leistung der Website;<\/p>\n<\/li>\n<li data-start=\"2688\" data-end=\"2729\">\n<p data-start=\"2690\" data-end=\"2729\">die Funktionsweise des Kontaktformulars;<\/p>\n<\/li>\n<li data-start=\"2730\" data-end=\"2794\">\n<p data-start=\"2732\" data-end=\"2794\">das anonyme Nutzerprofil f\u00fcr interne Statistiken.<\/p>\n<\/li>\n<\/ul>\n<p data-start=\"2796\" data-end=\"3101\"><strong data-start=\"2796\" data-end=\"2853\">Speichern oder enthalten Cookies personenbezogene Daten?<\/strong><br data-start=\"2853\" data-end=\"2856\">\nCookies verlangen keine personenbezogenen Daten und identifizieren Internetnutzer nicht pers\u00f6nlich. Die erhobenen Daten werden ausschlie\u00dflich zur Unterst\u00fctzung der Funktionalit\u00e4ten der Website verwendet und sind vor unbefugtem Zugriff gesch\u00fctzt.<\/p>\n<p data-start=\"3103\" data-end=\"3378\"><strong data-start=\"3103\" data-end=\"3130\">L\u00f6schen von Cookies<\/strong><br data-start=\"3130\" data-end=\"3133\">\nBrowser speichern Cookies standardm\u00e4\u00dfig auf dem Ger\u00e4t des Nutzers. Die Einstellungen k\u00f6nnen so ge\u00e4ndert werden, dass die automatische Installation blockiert wird. Die Einschr\u00e4nkung der Verwendung von Cookies kann bestimmte Funktionen der Website beeintr\u00e4chtigen.<\/p>\n<p data-start=\"3380\" data-end=\"3623\"><strong data-start=\"3380\" data-end=\"3419\">Warum sind Cookies wichtig?<\/strong><br data-start=\"3419\" data-end=\"3422\">\nCookies tragen zur Schaffung eines einfachen und personalisierten Surferlebnisses bei. Die Deaktivierung von Cookies kann die Funktionalit\u00e4t der Website einschr\u00e4nken und Ihre Online-Erfahrung beeintr\u00e4chtigen.<\/p>\n<p data-start=\"3625\" data-end=\"3842\"><strong data-start=\"3625\" data-end=\"3664\">Websicherheit und Datenschutz<\/strong><br data-start=\"3664\" data-end=\"3667\">\nCookies sind KEINE Viren und erfassen keine personenbezogenen Daten. Es ist jedoch wichtig, aktuelle Browser und Anti-Spyware-Anwendungen zu verwenden, um zus\u00e4tzlichen Schutz zu gew\u00e4hrleisten.<\/p>\n<p data-start=\"3844\" data-end=\"3894\"><strong data-start=\"3844\" data-end=\"3892\">N\u00fctzliche Links f\u00fcr Cookie-Einstellungen:<\/strong><\/p>\n<ul data-start=\"3895\" data-end=\"4101\">\n<li data-start=\"3895\" data-end=\"3936\">\n<p data-start=\"3897\" data-end=\"3936\"><a data-start=\"3897\" data-end=\"3934\" class=\"decorated-link\" rel=\"noopener\" href=\"#\">Cookie-Einstellungen Internet Explorer<span aria-hidden=\"true\" class=\"ms-0.5 inline-block align-middle leading-none\"><\/span><\/a><\/p>\n<\/li>\n<li data-start=\"3937\" data-end=\"3968\">\n<p data-start=\"3939\" data-end=\"3968\"><a data-start=\"3939\" data-end=\"3966\" class=\"decorated-link\" rel=\"noopener\" href=\"#\">Cookie-Einstellungen Firefox<span aria-hidden=\"true\" class=\"ms-0.5 inline-block align-middle leading-none\"><\/span><\/a><\/p>\n<\/li>\n<li data-start=\"3969\" data-end=\"4006\">\n<p data-start=\"3971\" data-end=\"4006\"><a data-start=\"3971\" data-end=\"4004\" class=\"decorated-link\" rel=\"noopener\" href=\"#\">Cookie-Einstellungen Google Chrome<span aria-hidden=\"true\" class=\"ms-0.5 inline-block align-middle leading-none\"><\/span><\/a><\/p>\n<\/li>\n<li data-start=\"4007\" data-end=\"4037\">\n<p data-start=\"4009\" data-end=\"4037\"><a data-start=\"4009\" data-end=\"4035\" class=\"decorated-link\" rel=\"noopener\" href=\"#\">Cookie-Einstellungen Safari<span aria-hidden=\"true\" class=\"ms-0.5 inline-block align-middle leading-none\"><\/span><\/a><\/p>\n<\/li>\n<li data-start=\"4038\" data-end=\"4101\">\n<p data-start=\"4040\" data-end=\"4101\"><a data-start=\"4040\" data-end=\"4099\" rel=\"noopener\" target=\"_new\" class=\"decorated-link\" href=\"http:\/\/www.youronlinechoices.com\/ro\/\">Your Online Choices<\/a><\/p><\/li><\/ul><\/p>\t\t\t\t<\/div>\n\t\t\t\t<\/div>\n\t\t\t\t\t<\/div>\n\t\t\t\t<\/div>\n\t\t\t\t<\/div>","protected":false},"excerpt":{"rendered":"<p>Politica de utilizare Cookie-uri Aceast\u0103 politic\u0103 se refer\u0103 la cookie-urile, paginile web \u0219i aplica\u021biile mobile operate de S.C. BAU TOTAL [&hellip;]<\/p>\n","protected":false},"author":1,"featured_media":0,"parent":0,"menu_order":0,"comment_status":"closed","ping_status":"closed","template":"","meta":{"_editorskit_title_hidden":false,"_editorskit_reading_time":0,"_editorskit_is_block_options_detached":false,"_editorskit_block_options_position":"{}","_uag_custom_page_level_css":"","site-sidebar-layout":"no-sidebar","site-content-layout":"","ast-site-content-layout":"full-width-container","site-content-style":"default","site-sidebar-style":"default","ast-global-header-display":"","ast-banner-title-visibility":"","ast-main-header-display":"","ast-hfb-above-header-display":"","ast-hfb-below-header-display":"","ast-hfb-mobile-header-display":"","site-post-title":"disabled","ast-breadcrumbs-content":"","ast-featured-img":"disabled","footer-sml-layout":"","ast-disable-related-posts":"","theme-transparent-header-meta":"","adv-header-id-meta":"","stick-header-meta":"","header-above-stick-meta":"","header-main-stick-meta":"","header-below-stick-meta":"","astra-migrate-meta-layouts":"default","ast-page-background-enabled":"default","ast-page-background-meta":{"desktop":{"background-color":"var(--ast-global-color-5)","background-image":"","background-repeat":"repeat","background-position":"center center","background-size":"auto","background-attachment":"scroll","background-type":"","background-media":"","overlay-type":"","overlay-color":"","overlay-opacity":"","overlay-gradient":""},"tablet":{"background-color":"","background-image":"","background-repeat":"repeat","background-position":"center center","background-size":"auto","background-attachment":"scroll","background-type":"","background-media":"","overlay-type":"","overlay-color":"","overlay-opacity":"","overlay-gradient":""},"mobile":{"background-color":"","background-image":"","background-repeat":"repeat","background-position":"center center","background-size":"auto","background-attachment":"scroll","background-type":"","background-media":"","overlay-type":"","overlay-color":"","overlay-opacity":"","overlay-gradient":""}},"ast-content-background-meta":{"desktop":{"background-color":"var(--ast-global-color-4)","background-image":"","background-repeat":"repeat","background-position":"center center","background-size":"auto","background-attachment":"scroll","background-type":"","background-media":"","overlay-type":"","overlay-color":"","overlay-opacity":"","overlay-gradient":""},"tablet":{"background-color":"var(--ast-global-color-4)","background-image":"","background-repeat":"repeat","background-position":"center center","background-size":"auto","background-attachment":"scroll","background-type":"","background-media":"","overlay-type":"","overlay-color":"","overlay-opacity":"","overlay-gradient":""},"mobile":{"background-color":"var(--ast-global-color-4)","background-image":"","background-repeat":"repeat","background-position":"center center","background-size":"auto","background-attachment":"scroll","background-type":"","background-media":"","overlay-type":"","overlay-color":"","overlay-opacity":"","overlay-gradient":""}},"footnotes":""},"class_list":["post-716","page","type-page","status-publish","hentry"],"uagb_featured_image_src":{"full":false,"thumbnail":false,"medium":false,"medium_large":false,"large":false,"1536x1536":false,"2048x2048":false,"trp-custom-language-flag":false},"uagb_author_info":{"display_name":"Tibi Tebrean","author_link":"https:\/\/bautotalconfort.ro\/de\/author\/tibi-tebrean\/"},"uagb_comment_info":0,"uagb_excerpt":"Politica de utilizare Cookie-uri Aceast\u0103 politic\u0103 se refer\u0103 la cookie-urile, paginile web \u0219i aplica\u021biile mobile operate de S.C. BAU TOTAL [&hellip;]","_links":{"self":[{"href":"https:\/\/bautotalconfort.ro\/de\/wp-json\/wp\/v2\/pages\/716","targetHints":{"allow":["GET"]}}],"collection":[{"href":"https:\/\/bautotalconfort.ro\/de\/wp-json\/wp\/v2\/pages"}],"about":[{"href":"https:\/\/bautotalconfort.ro\/de\/wp-json\/wp\/v2\/types\/page"}],"author":[{"embeddable":true,"href":"https:\/\/bautotalconfort.ro\/de\/wp-json\/wp\/v2\/users\/1"}],"replies":[{"embeddable":true,"href":"https:\/\/bautotalconfort.ro\/de\/wp-json\/wp\/v2\/comments?post=716"}],"version-history":[{"count":8,"href":"https:\/\/bautotalconfort.ro\/de\/wp-json\/wp\/v2\/pages\/716\/revisions"}],"predecessor-version":[{"id":749,"href":"https:\/\/bautotalconfort.ro\/de\/wp-json\/wp\/v2\/pages\/716\/revisions\/749"}],"wp:attachment":[{"href":"https:\/\/bautotalconfort.ro\/de\/wp-json\/wp\/v2\/media?parent=716"}],"curies":[{"name":"wp","href":"https:\/\/api.w.org\/{rel}","templated":true}]}}